{"id":68,"date":"2025-10-29T22:29:19","date_gmt":"2025-10-29T22:29:19","guid":{"rendered":"https:\/\/mccs.pt\/bem-vindo\/?page_id=68"},"modified":"2025-10-29T22:29:19","modified_gmt":"2025-10-29T22:29:19","slug":"politica-de-cookies","status":"publish","type":"page","link":"https:\/\/mccs.pt\/bem-vindo\/politica-de-cookies\/","title":{"rendered":"Pol\u00edtica de Cookies"},"content":{"rendered":"\n<h6 class=\"wp-block-heading\">MCCS &#8211; Modular Commerce &amp; Custom Strategy<\/h6>\n\n\n\n<p>Esta Pol\u00edtica de Cookies explica o que s\u00e3o cookies, como os utilizamos no site e como pode gerir as suas prefer\u00eancias em rela\u00e7\u00e3o a eles.<\/p>\n\n\n\n<h6 class=\"wp-block-heading\">O que s\u00e3o Cookies?<\/h6>\n\n\n\n<p>Cookies s\u00e3o pequenos ficheiros de texto armazenados no seu dispositivo quando visita o nosso website. Permitem reconhecer o seu dispositivo e melhorar a experi\u00eancia de navega\u00e7\u00e3o.<\/p>\n\n\n\n<h6 class=\"wp-block-heading\">Como utilizamos os Cookies?<\/h6>\n\n\n\n<ul class=\"wp-block-list\">\n<li><strong>Essenciais:<\/strong>&nbsp;Necess\u00e1rios para o funcionamento do site e n\u00e3o podem ser desativados;<\/li>\n\n\n\n<li><strong>Desempenho:<\/strong>&nbsp;Ajudam a compreender como os utilizadores interagem com o site;<\/li>\n\n\n\n<li><strong>Funcionais:<\/strong>&nbsp;Permitem personalizar a experi\u00eancia do utilizador;<\/li>\n\n\n\n<li><strong>Publicidade:<\/strong>&nbsp;Para an\u00fancios relevantes e medir a sua efic\u00e1cia.<\/li>\n<\/ul>\n\n\n\n<h6 class=\"wp-block-heading\">Gest\u00e3o de Cookies<\/h6>\n\n\n\n<p>O utilizador pode gerir cookies nas defini\u00e7\u00f5es do navegador, bloqueando ou eliminando cookies. Algumas funcionalidades do site podem ser afetadas ao desativar cookies essenciais.<\/p>\n\n\n\n<h6 class=\"wp-block-heading\">Altera\u00e7\u00f5es \u00e0 Pol\u00edtica de Cookies<\/h6>\n\n\n\n<p>Podemos atualizar esta Pol\u00edtica periodicamente. Recomendamos consultar esta p\u00e1gina regularmente.<\/p>\n\n\n\n<h6 class=\"wp-block-heading\">Contacto<\/h6>\n\n\n\n<p>Para quest\u00f5es sobre esta Pol\u00edtica, contacte:&nbsp;info@mccs.pt<\/p>\n\n\n\n<p class=\"has-small-font-size\">O exposto neste site poder\u00e1 sofrer altera\u00e7\u00f5es sem aviso pr\u00e9vio.<br>A\u00a0<strong>mccs.pt<\/strong>\u00a0declina qualquer responsabilidade por eventuais erros publicados no site.<br>D\u00favidas ou quest\u00f5es, contacte atrav\u00e9s dos meios alternativos dispon\u00edveis nesta p\u00e1gina.<\/p>\n\n\n\n<p><\/p>\n","protected":false},"excerpt":{"rendered":"<p>MCCS &#8211; Modular Commerce &amp; Custom Strategy Esta Pol\u00edtica de Cookies explica o que s\u00e3o cookies, como os utilizamos no site e como pode gerir as suas prefer\u00eancias em rela\u00e7\u00e3o a eles. O que s\u00e3o Cookies? Cookies s\u00e3o pequenos ficheiros de texto armazenados no seu dispositivo quando visita o nosso website. Permitem reconhecer o seu [&hellip;]<\/p>\n","protected":false},"author":1,"featured_media":0,"parent":0,"menu_order":0,"comment_status":"closed","ping_status":"closed","template":"","meta":{"footnotes":""},"class_list":["post-68","page","type-page","status-publish","hentry"],"jetpack_sharing_enabled":true,"_links":{"self":[{"href":"https:\/\/mccs.pt\/bem-vindo\/wp-json\/wp\/v2\/pages\/68","targetHints":{"allow":["GET"]}}],"collection":[{"href":"https:\/\/mccs.pt\/bem-vindo\/wp-json\/wp\/v2\/pages"}],"about":[{"href":"https:\/\/mccs.pt\/bem-vindo\/wp-json\/wp\/v2\/types\/page"}],"author":[{"embeddable":true,"href":"https:\/\/mccs.pt\/bem-vindo\/wp-json\/wp\/v2\/users\/1"}],"replies":[{"embeddable":true,"href":"https:\/\/mccs.pt\/bem-vindo\/wp-json\/wp\/v2\/comments?post=68"}],"version-history":[{"count":1,"href":"https:\/\/mccs.pt\/bem-vindo\/wp-json\/wp\/v2\/pages\/68\/revisions"}],"predecessor-version":[{"id":69,"href":"https:\/\/mccs.pt\/bem-vindo\/wp-json\/wp\/v2\/pages\/68\/revisions\/69"}],"wp:attachment":[{"href":"https:\/\/mccs.pt\/bem-vindo\/wp-json\/wp\/v2\/media?parent=68"}],"curies":[{"name":"wp","href":"https:\/\/api.w.org\/{rel}","templated":true}]}}