{"id":66,"date":"2025-10-29T22:28:03","date_gmt":"2025-10-29T22:28:03","guid":{"rendered":"https:\/\/mccs.pt\/bem-vindo\/?page_id=66"},"modified":"2026-03-08T09:23:47","modified_gmt":"2026-03-08T09:23:47","slug":"livro-de-reclamacoes","status":"publish","type":"page","link":"https:\/\/mccs.pt\/bem-vindo\/livro-de-reclamacoes\/","title":{"rendered":"Livro de Reclama\u00e7\u00f5es"},"content":{"rendered":"\n<h6 class=\"wp-block-heading\">MCCS &#8211; Modular Commerce &amp; Custom Strategy<\/h6>\n\n\n\n<p>Se por algum motivo n\u00e3o ficou satisfeito com o servi\u00e7o da \u201cMCCS\u201d, poder\u00e1 recorrer aos devidos meios e apresentar a sua reclama\u00e7\u00e3o. A \u201cMCCS\u201d procura sempre resolver conflitos de forma transparente e direta, acreditando que a comunica\u00e7\u00e3o \u00e9 essencial, mesmo quando o Cliente n\u00e3o fica satisfeito.<\/p>\n\n\n\n<h6 class=\"wp-block-heading\">Resolu\u00e7\u00e3o Alternativa de Lit\u00edgios<\/h6>\n\n\n\n<p>Os consumidores t\u00eam ao seu dispor entidades para apoiar na resolu\u00e7\u00e3o ou orienta\u00e7\u00e3o em caso de conflito, sem necessidade de recorrer de imediato aos Tribunais. O consumidor apresenta os seus factos junto da entidade, que atua como intermedi\u00e1ria entre si e o comerciante alvo da reclama\u00e7\u00e3o.<\/p>\n\n\n\n<h6 class=\"wp-block-heading\">Entidades<\/h6>\n\n\n\n<p>A MCCS est\u00e1 registada como \u201cFornecedor de bens \/ Prestador de servi\u00e7os\u201d no\u00a0<a href=\"https:\/\/www.livroreclamacoes.pt\/\" target=\"_blank\" rel=\"noreferrer noopener\">Livro de Reclama\u00e7\u00f5es Eletr\u00f3nico<\/a>. Atrav\u00e9s do campo &#8220;Pesquisa do fornecedor&#8221;, poder\u00e1 inserir\u00a0<strong>MCCS.pt<\/strong>\u00a0e selecionar o operador correto identificado pelo N\u00famero de Identifica\u00e7\u00e3o Fiscal (NIF).<\/p>\n\n\n\n<p>Adicionalmente, disp\u00f5e de\u00a0<strong>Livro de Reclama\u00e7\u00f5es f\u00edsico<\/strong>\u00a0na morada indicada.\u00a0<br>Os consumidores podem recorrer \u00e0s entidades competentes para resolu\u00e7\u00e3o de conflitos, evitando processos judiciais sempre que poss\u00edvel.<\/p>\n\n\n\n<p class=\"has-small-font-size\">O exposto neste site poder\u00e1 sofrer altera\u00e7\u00f5es sem aviso pr\u00e9vio.<br>A&nbsp;<strong>mccs.pt<\/strong>&nbsp;declina qualquer responsabilidade por eventuais erros publicados no site.<br>D\u00favidas ou quest\u00f5es, contacte atrav\u00e9s dos meios alternativos dispon\u00edveis nesta p\u00e1gina.<\/p>\n","protected":false},"excerpt":{"rendered":"<p>MCCS &#8211; Modular Commerce &amp; Custom Strategy Se por algum motivo n\u00e3o ficou satisfeito com o servi\u00e7o da \u201cMCCS\u201d, poder\u00e1 recorrer aos devidos meios e apresentar a sua reclama\u00e7\u00e3o. A \u201cMCCS\u201d procura sempre resolver conflitos de forma transparente e direta, acreditando que a comunica\u00e7\u00e3o \u00e9 essencial, mesmo quando o Cliente n\u00e3o fica satisfeito. Resolu\u00e7\u00e3o Alternativa [&hellip;]<\/p>\n","protected":false},"author":1,"featured_media":0,"parent":0,"menu_order":0,"comment_status":"closed","ping_status":"closed","template":"","meta":{"footnotes":""},"class_list":["post-66","page","type-page","status-publish","hentry"],"jetpack_sharing_enabled":true,"_links":{"self":[{"href":"https:\/\/mccs.pt\/bem-vindo\/wp-json\/wp\/v2\/pages\/66","targetHints":{"allow":["GET"]}}],"collection":[{"href":"https:\/\/mccs.pt\/bem-vindo\/wp-json\/wp\/v2\/pages"}],"about":[{"href":"https:\/\/mccs.pt\/bem-vindo\/wp-json\/wp\/v2\/types\/page"}],"author":[{"embeddable":true,"href":"https:\/\/mccs.pt\/bem-vindo\/wp-json\/wp\/v2\/users\/1"}],"replies":[{"embeddable":true,"href":"https:\/\/mccs.pt\/bem-vindo\/wp-json\/wp\/v2\/comments?post=66"}],"version-history":[{"count":2,"href":"https:\/\/mccs.pt\/bem-vindo\/wp-json\/wp\/v2\/pages\/66\/revisions"}],"predecessor-version":[{"id":306,"href":"https:\/\/mccs.pt\/bem-vindo\/wp-json\/wp\/v2\/pages\/66\/revisions\/306"}],"wp:attachment":[{"href":"https:\/\/mccs.pt\/bem-vindo\/wp-json\/wp\/v2\/media?parent=66"}],"curies":[{"name":"wp","href":"https:\/\/api.w.org\/{rel}","templated":true}]}}