{"id":64,"date":"2025-10-29T22:27:22","date_gmt":"2025-10-29T22:27:22","guid":{"rendered":"https:\/\/mccs.pt\/bem-vindo\/?page_id=64"},"modified":"2025-10-29T22:27:22","modified_gmt":"2025-10-29T22:27:22","slug":"aviso-legal","status":"publish","type":"page","link":"https:\/\/mccs.pt\/bem-vindo\/aviso-legal\/","title":{"rendered":"Aviso Legal"},"content":{"rendered":"\n<h6 class=\"wp-block-heading\">MCCS &#8211; Modular Commerce &amp; Custom Strategy<\/h6>\n\n\n\n<p>O conte\u00fado disponibilizado neste site destina-se a informa\u00e7\u00e3o geral e n\u00e3o constitui aconselhamento jur\u00eddico. A MCCS  n\u00e3o se responsabiliza por erros ou omiss\u00f5es, ou pelo uso que terceiros fa\u00e7am da informa\u00e7\u00e3o.<\/p>\n\n\n\n<p>O site poder\u00e1 sofrer altera\u00e7\u00f5es sem aviso pr\u00e9vio. Links para sites externos s\u00e3o fornecidos apenas para conveni\u00eancia do utilizador; n\u00e3o implicam aprova\u00e7\u00e3o do conte\u00fado desses sites.<\/p>\n\n\n\n<p class=\"has-small-font-size\">O exposto neste site poder\u00e1 sofrer altera\u00e7\u00f5es sem aviso pr\u00e9vio.<br>A\u00a0mccs.pt\u00a0declina qualquer responsabilidade por eventuais erros publicados no site.<br>D\u00favidas ou quest\u00f5es, contacte atrav\u00e9s dos meios alternativos dispon\u00edveis nesta p\u00e1gina.<\/p>\n","protected":false},"excerpt":{"rendered":"<p>MCCS &#8211; Modular Commerce &amp; Custom Strategy O conte\u00fado disponibilizado neste site destina-se a informa\u00e7\u00e3o geral e n\u00e3o constitui aconselhamento jur\u00eddico. A MCCS n\u00e3o se responsabiliza por erros ou omiss\u00f5es, ou pelo uso que terceiros fa\u00e7am da informa\u00e7\u00e3o. O site poder\u00e1 sofrer altera\u00e7\u00f5es sem aviso pr\u00e9vio. Links para sites externos s\u00e3o fornecidos apenas para conveni\u00eancia [&hellip;]<\/p>\n","protected":false},"author":1,"featured_media":0,"parent":0,"menu_order":0,"comment_status":"closed","ping_status":"closed","template":"","meta":{"footnotes":""},"class_list":["post-64","page","type-page","status-publish","hentry"],"jetpack_sharing_enabled":true,"_links":{"self":[{"href":"https:\/\/mccs.pt\/bem-vindo\/wp-json\/wp\/v2\/pages\/64","targetHints":{"allow":["GET"]}}],"collection":[{"href":"https:\/\/mccs.pt\/bem-vindo\/wp-json\/wp\/v2\/pages"}],"about":[{"href":"https:\/\/mccs.pt\/bem-vindo\/wp-json\/wp\/v2\/types\/page"}],"author":[{"embeddable":true,"href":"https:\/\/mccs.pt\/bem-vindo\/wp-json\/wp\/v2\/users\/1"}],"replies":[{"embeddable":true,"href":"https:\/\/mccs.pt\/bem-vindo\/wp-json\/wp\/v2\/comments?post=64"}],"version-history":[{"count":1,"href":"https:\/\/mccs.pt\/bem-vindo\/wp-json\/wp\/v2\/pages\/64\/revisions"}],"predecessor-version":[{"id":65,"href":"https:\/\/mccs.pt\/bem-vindo\/wp-json\/wp\/v2\/pages\/64\/revisions\/65"}],"wp:attachment":[{"href":"https:\/\/mccs.pt\/bem-vindo\/wp-json\/wp\/v2\/media?parent=64"}],"curies":[{"name":"wp","href":"https:\/\/api.w.org\/{rel}","templated":true}]}}